{"id":665,"date":"2022-12-14T18:14:19","date_gmt":"2022-12-14T17:14:19","guid":{"rendered":"http:\/\/musikschuleallegro.de\/lutzkoenig\/?page_id=665"},"modified":"2023-03-09T14:45:48","modified_gmt":"2023-03-09T13:45:48","slug":"herr_k","status":"publish","type":"page","link":"http:\/\/musikschuleallegro.de\/lutzkoenig\/herr_k\/","title":{"rendered":"Herr K."},"content":{"rendered":"<section class=\"l-section wpb_row height_auto width_full\"><div class=\"l-section-h i-cf\"><div class=\"g-cols vc_row via_grid cols_1 laptops-cols_inherit tablets-cols_inherit mobiles-cols_1 valign_top type_default stacking_default\"><div class=\"wpb_column vc_column_container\"><div class=\"vc_column-inner\"><div class=\"w-image align_none\"><div class=\"w-image-h\"><img width=\"1500\" height=\"1227\" src=\"http:\/\/musikschuleallegro.de\/lutzkoenig\/wp-content\/uploads\/2022\/12\/chor-wiese-quadrat.jpg\" class=\"attachment-full size-full\" alt=\"\" decoding=\"async\" loading=\"lazy\" srcset=\"http:\/\/musikschuleallegro.de\/lutzkoenig\/wp-content\/uploads\/2022\/12\/chor-wiese-quadrat.jpg 1500w, http:\/\/musikschuleallegro.de\/lutzkoenig\/wp-content\/uploads\/2022\/12\/chor-wiese-quadrat-300x245.jpg 300w, http:\/\/musikschuleallegro.de\/lutzkoenig\/wp-content\/uploads\/2022\/12\/chor-wiese-quadrat-1024x838.jpg 1024w, http:\/\/musikschuleallegro.de\/lutzkoenig\/wp-content\/uploads\/2022\/12\/chor-wiese-quadrat-150x123.jpg 150w, http:\/\/musikschuleallegro.de\/lutzkoenig\/wp-content\/uploads\/2022\/12\/chor-wiese-quadrat-489x400.jpg 489w\" sizes=\"(max-width: 1500px) 100vw, 1500px\" \/><\/div><\/div><\/div><\/div><\/div><\/div><\/section><section class=\"l-section wpb_row height_medium\"><div class=\"l-section-h i-cf\"><div class=\"g-cols vc_row via_grid cols_2-1 laptops-cols_inherit tablets-cols_inherit mobiles-cols_1 valign_top type_default stacking_default\"><div class=\"wpb_column vc_column_container\"><div class=\"vc_column-inner\"><div class=\"wpb_text_column\"><div class=\"wpb_wrapper\"><div class=\"wpb_text_column\">\n<div class=\"wpb_wrapper\">\n<h3>Ich bin &#8222;Herr K.&#8220;<\/h3>\n<\/div>\n<\/div>\n<div class=\"w-separator size_small\"><\/div>\n<div class=\"wpb_text_column\">\n<div class=\"wpb_wrapper\">\n<div class=\"_2fS9E\" data-testid=\"static-text-element\">\n<div class=\"css-1gjmury _8xAV3\">\n<div class=\"\">\n<p>Independent meets Oldies: aus dem Zusammentreffen der Frauenstimmen von Allegra und meinem einf\u00fchlsamen Klaviersound entsteht eine Mischung aus Mystic Music, Lebensfreude und kraftvollem Klang. Meine ungew\u00f6hnlichen Arrangements stehen f\u00fcr einen ganz eigenen musikalischen Weg.<\/p>\n<p>Das Chorprojekt tritt nicht nur mit seinem stetig wachsendem\u00a0<a href=\"http:\/\/www.allegrachor.de\/auftritte\/#repertoire\">Repertoire<\/a>\u00a0regelm\u00e4\u00dfig auf, viele der Arrangements werden auch unter professionellen Bedingungen im Tonstudio von Jens Eckhoff\u00a0 eingespielt.<\/p>\n<p><a href=\"http:\/\/www.allegrachor.de\/aufnahmen\/\">Die Aufnahmen<\/a>\u00a0sind auf den g\u00e4ngigen\u00a0<a href=\"https:\/\/linktr.ee\/allegra.chor\" target=\"_blank\" rel=\"noopener\">Musikplattformen<\/a>\u00a0wie\u00a0<a href=\"https:\/\/linktr.ee\/allegra.chor\" target=\"_blank\" rel=\"noopener\">Spotify, Apple Music, Amazon Music und auch auf youtube<\/a>\u00a0h\u00f6rbar.<\/p>\n<\/div>\n<\/div>\n<\/div>\n<\/div>\n<\/div>\n<\/div><\/div><\/div><\/div><div class=\"wpb_column vc_column_container\"><div class=\"vc_column-inner\"><div class=\"w-image align_none\"><div class=\"w-image-h\"><img width=\"600\" height=\"300\" src=\"http:\/\/musikschuleallegro.de\/lutzkoenig\/wp-content\/uploads\/2023\/02\/Logo-1-600x300.png\" class=\"attachment-us_600_400 size-us_600_400\" alt=\"\" decoding=\"async\" loading=\"lazy\" srcset=\"http:\/\/musikschuleallegro.de\/lutzkoenig\/wp-content\/uploads\/2023\/02\/Logo-1-600x300.png 600w, http:\/\/musikschuleallegro.de\/lutzkoenig\/wp-content\/uploads\/2023\/02\/Logo-1-300x150.png 300w, http:\/\/musikschuleallegro.de\/lutzkoenig\/wp-content\/uploads\/2023\/02\/Logo-1-1024x512.png 1024w, http:\/\/musikschuleallegro.de\/lutzkoenig\/wp-content\/uploads\/2023\/02\/Logo-1-150x75.png 150w, http:\/\/musikschuleallegro.de\/lutzkoenig\/wp-content\/uploads\/2023\/02\/Logo-1.png 1654w\" sizes=\"(max-width: 600px) 100vw, 600px\" \/><\/div><\/div><\/div><\/div><\/div><\/div><\/section>\n","protected":false},"excerpt":{"rendered":"Ich bin &#8222;Herr K.&#8220; Independent meets Oldies: aus dem Zusammentreffen der Frauenstimmen von Allegra und meinem einf\u00fchlsamen Klaviersound entsteht eine Mischung aus Mystic Music, Lebensfreude und kraftvollem Klang. Meine ungew\u00f6hnlichen Arrangements stehen f\u00fcr einen ganz eigenen musikalischen Weg. Das Chorprojekt tritt nicht nur mit seinem stetig wachsendem\u00a0Repertoire\u00a0regelm\u00e4\u00dfig auf, viele der Arrangements werden auch unter professionellen...","protected":false},"author":3,"featured_media":0,"parent":0,"menu_order":0,"comment_status":"closed","ping_status":"closed","template":"","meta":[],"_links":{"self":[{"href":"http:\/\/musikschuleallegro.de\/lutzkoenig\/wp-json\/wp\/v2\/pages\/665"}],"collection":[{"href":"http:\/\/musikschuleallegro.de\/lutzkoenig\/wp-json\/wp\/v2\/pages"}],"about":[{"href":"http:\/\/musikschuleallegro.de\/lutzkoenig\/wp-json\/wp\/v2\/types\/page"}],"author":[{"embeddable":true,"href":"http:\/\/musikschuleallegro.de\/lutzkoenig\/wp-json\/wp\/v2\/users\/3"}],"replies":[{"embeddable":true,"href":"http:\/\/musikschuleallegro.de\/lutzkoenig\/wp-json\/wp\/v2\/comments?post=665"}],"version-history":[{"count":10,"href":"http:\/\/musikschuleallegro.de\/lutzkoenig\/wp-json\/wp\/v2\/pages\/665\/revisions"}],"predecessor-version":[{"id":1248,"href":"http:\/\/musikschuleallegro.de\/lutzkoenig\/wp-json\/wp\/v2\/pages\/665\/revisions\/1248"}],"wp:attachment":[{"href":"http:\/\/musikschuleallegro.de\/lutzkoenig\/wp-json\/wp\/v2\/media?parent=665"}],"curies":[{"name":"wp","href":"https:\/\/api.w.org\/{rel}","templated":true}]}}