{"id":705,"date":"2022-12-14T19:47:46","date_gmt":"2022-12-14T18:47:46","guid":{"rendered":"http:\/\/musikschuleallegro.de\/lutzkoenig\/?page_id=705"},"modified":"2023-03-09T14:34:08","modified_gmt":"2023-03-09T13:34:08","slug":"musikschule","status":"publish","type":"page","link":"http:\/\/musikschuleallegro.de\/lutzkoenig\/musikschule\/","title":{"rendered":"Musikschule"},"content":{"rendered":"<section class=\"l-section wpb_row height_auto width_full\"><div class=\"l-section-h i-cf\"><div class=\"g-cols vc_row via_grid cols_1 laptops-cols_inherit tablets-cols_inherit mobiles-cols_1 valign_top type_default stacking_default\"><div class=\"wpb_column vc_column_container\"><div class=\"vc_column-inner\"><div class=\"w-image align_center\"><div class=\"w-image-h\"><img width=\"1920\" height=\"1280\" src=\"http:\/\/musikschuleallegro.de\/lutzkoenig\/wp-content\/uploads\/2022\/12\/piano-ga24b05ef1_1920.jpg\" class=\"attachment-full size-full\" alt=\"\" decoding=\"async\" loading=\"lazy\" srcset=\"http:\/\/musikschuleallegro.de\/lutzkoenig\/wp-content\/uploads\/2022\/12\/piano-ga24b05ef1_1920.jpg 1920w, http:\/\/musikschuleallegro.de\/lutzkoenig\/wp-content\/uploads\/2022\/12\/piano-ga24b05ef1_1920-300x200.jpg 300w, http:\/\/musikschuleallegro.de\/lutzkoenig\/wp-content\/uploads\/2022\/12\/piano-ga24b05ef1_1920-1024x683.jpg 1024w\" sizes=\"(max-width: 1920px) 100vw, 1920px\" \/><\/div><\/div><\/div><\/div><\/div><\/div><\/section><section class=\"l-section wpb_row height_auto\"><div class=\"l-section-h i-cf\"><div class=\"g-cols vc_row via_grid cols_2-1 laptops-cols_inherit tablets-cols_inherit mobiles-cols_1 valign_top type_default stacking_default\"><div class=\"wpb_column vc_column_container\"><div class=\"vc_column-inner\"><div class=\"w-separator size_small\"><\/div><div class=\"wpb_text_column\"><div class=\"wpb_wrapper\"><h3>Meine Musikschule in Burgdorf<\/h3>\n<p>Die Musikschule Allegro bietet abwechslungsreichen Instrumental- und Gesangsunterricht. Unabh\u00e4ngig von Alter oder Kenntnisstand, k\u00f6nnen du oder dein Kind bei uns in der Musikschule an vielen Instrumenten oder dem Gesang unterrichtet werden.<\/p>\n<p>Dabei legen wir sehr viel Wert auf einen interessanten Aufbau und Ablauf der Unterrichtseinheiten, denn wenn es unseren Sch\u00fclerinnen und Sch\u00fcler richtig Spa\u00df macht, macht es auch uns viel mehr Spa\u00df und so sind dann die Lernerfolge gr\u00f6\u00dfer und schneller erreicht.<\/p>\n<p>Du hast eine bevorzugte Stilrichtung \u2013 Rock, Pop, Klassik oder Jazz \u2013 die du musikalisch ausleben willst? Wir sind breit aufgestellt \u2013 stimm bei der Anmeldung einfach ein Unterrichtskonzept mit uns ab.<\/p>\n<p>Hier ist der <a href=\"http:\/\/musikschuleallegro.de\" target=\"_blank\" rel=\"noopener\">Link zur Musikschule Allegro<\/a><\/p>\n<\/div><\/div><\/div><\/div><div class=\"wpb_column vc_column_container\"><div class=\"vc_column-inner\"><div class=\"w-separator size_small\"><\/div><div class=\"w-image align_none\"><div class=\"w-image-h\"><img width=\"297\" height=\"165\" src=\"http:\/\/musikschuleallegro.de\/lutzkoenig\/wp-content\/uploads\/2023\/03\/Logo_allegro.jpg\" class=\"attachment-us_600_400 size-us_600_400\" alt=\"\" decoding=\"async\" loading=\"lazy\" srcset=\"http:\/\/musikschuleallegro.de\/lutzkoenig\/wp-content\/uploads\/2023\/03\/Logo_allegro.jpg 297w, http:\/\/musikschuleallegro.de\/lutzkoenig\/wp-content\/uploads\/2023\/03\/Logo_allegro-150x83.jpg 150w\" sizes=\"(max-width: 297px) 100vw, 297px\" \/><\/div><\/div><\/div><\/div><\/div><\/div><\/section><section class=\"l-section wpb_row height_medium\"><div class=\"l-section-h i-cf\"><div class=\"g-cols vc_row via_grid cols_1 laptops-cols_inherit tablets-cols_inherit mobiles-cols_1 valign_top type_default stacking_default\"><div class=\"wpb_column vc_column_container\"><div class=\"vc_column-inner\"><\/div><\/div><\/div><\/div><\/section>\n","protected":false},"excerpt":{"rendered":"Meine Musikschule in Burgdorf Die Musikschule Allegro bietet abwechslungsreichen Instrumental- und Gesangsunterricht. Unabh\u00e4ngig von Alter oder Kenntnisstand, k\u00f6nnen du oder dein Kind bei uns in der Musikschule an vielen Instrumenten oder dem Gesang unterrichtet werden. Dabei legen wir sehr viel Wert auf einen interessanten Aufbau und Ablauf der Unterrichtseinheiten, denn wenn es unseren Sch\u00fclerinnen und...","protected":false},"author":3,"featured_media":0,"parent":0,"menu_order":0,"comment_status":"closed","ping_status":"closed","template":"","meta":[],"_links":{"self":[{"href":"http:\/\/musikschuleallegro.de\/lutzkoenig\/wp-json\/wp\/v2\/pages\/705"}],"collection":[{"href":"http:\/\/musikschuleallegro.de\/lutzkoenig\/wp-json\/wp\/v2\/pages"}],"about":[{"href":"http:\/\/musikschuleallegro.de\/lutzkoenig\/wp-json\/wp\/v2\/types\/page"}],"author":[{"embeddable":true,"href":"http:\/\/musikschuleallegro.de\/lutzkoenig\/wp-json\/wp\/v2\/users\/3"}],"replies":[{"embeddable":true,"href":"http:\/\/musikschuleallegro.de\/lutzkoenig\/wp-json\/wp\/v2\/comments?post=705"}],"version-history":[{"count":10,"href":"http:\/\/musikschuleallegro.de\/lutzkoenig\/wp-json\/wp\/v2\/pages\/705\/revisions"}],"predecessor-version":[{"id":1243,"href":"http:\/\/musikschuleallegro.de\/lutzkoenig\/wp-json\/wp\/v2\/pages\/705\/revisions\/1243"}],"wp:attachment":[{"href":"http:\/\/musikschuleallegro.de\/lutzkoenig\/wp-json\/wp\/v2\/media?parent=705"}],"curies":[{"name":"wp","href":"https:\/\/api.w.org\/{rel}","templated":true}]}}